{"id":2,"date":"2026-04-09T18:51:29","date_gmt":"2026-04-09T18:51:29","guid":{"rendered":"http:\/\/access4music.com\/?page_id=2"},"modified":"2026-04-09T22:03:09","modified_gmt":"2026-04-09T22:03:09","slug":"sample-page","status":"publish","type":"page","link":"http:\/\/access4music.com\/es\/","title":{"rendered":"Inicio"},"content":{"rendered":"\r\n<p>Bienvenidos a Access4Music.\r\nEste sitio est\u00b7 desarrollado pensando en las personas ciegas: de hecho, aqu\u00cc se pueden encontrar peque\u00d2os scripts y utilidades para producir m\u02d9sica con una DAW (digital audio workstation) y otros productos profesionales.<\/p>\r\n\r\n\r\n\r\n<h2 class=\"wp-block-heading\">Quienes somos <\/h2>\r\n\r\n\r\n\r\n<p> Somos dos italianos ciegos, estudiantes de inform\u00b7tica con la pasi\u00dbn por la m\u02d9sica, y estamos convencidos de que cualquier software debe ser utilizado por cualquier persona que quiera hacerlo, aunque esto puede tomar un esfuerzo extra para acceder a los controles o interfaces que no prev\u00c8n comandos de teclado. Es por eso que hemos decidido construir algunas herramientas que les ayudar\u00b7n a lograr este objetivo..<\/p>\r\n\r\n\r\n\r\n<h2 class=\"wp-block-heading\"> La soluci\u00f2n que hemos encontrado <\/h2>\r\n\r\n\r\n\r\n<p> Las personas ciegas y deficientes visuales utilizan lectores de pantalla para leer la informaci\u00dbn que el software proporciona, pero un lector de pantalla desaffortunadamente, no es suficiente, especialmente cuando se trata de VST, o softwares que utilizan controles no est\u00b7ndar, como por ejemplo bit map, por sus interfaces. As\u00cc que pensamos en una soluci\u00dbn que funcione como puente entre el software inaccesible y el lector de pantalla; Por eso, hemos desarrollado algunos scripts que permiten acceder a los controles que no son interceptados adecuadamente, mediante el uso de AutoHotkey, un lenguaje de programaci\u00dbn para Microsoft Windows, inicialmente dise\u00d2ado para proporcionar atajos de teclado, o crear macros r\u00b7pidas y para la automatizaci\u00dbn de tareas repetitivas en cualquier aplicaci\u00dbn de Windows. Gracias a sus capacidades de automatizaci\u00dbn logramos crear funciones y macros que nos han permitido simular los movimientos del rat\u00dbn y hacer clic en controles y botones, de otro modo inaccesibles.\r\nOtra peculiaridad de AutoHotkey es que los programas creados con este lenguaje son independientes del lector de pantalla; Esto significa que se puede utilizar cualquier lector de pantalla, siempre y cuando la aplicaci\u00dbn de audio que se utiliza sea compatible.\r\npara obtener m\u00b7s informaci\u00dbn, visiten la <a href=\"http:\/\/access4music.com\/script\"> pagina de los scripts<\/a> <\/p>\r\n","protected":false},"excerpt":{"rendered":"<p>Bienvenidos a Access4Music. Este sitio est\u00b7 desarrollado pensando en las personas ciegas: de hecho, aqu\u00cc se pueden encontrar peque\u00d2os scripts y utilidades para producir m\u02d9sica con una DAW (digital audio workstation) y otros productos profesionales. Quienes somos Somos dos italianos ciegos, estudiantes de inform\u00b7tica con la pasi\u00dbn por la m\u02d9sica, y estamos convencidos de que [&hellip;]<\/p>\n","protected":false},"author":1,"featured_media":0,"parent":0,"menu_order":0,"comment_status":"closed","ping_status":"open","template":"","meta":{"footnotes":""},"class_list":["post-2","page","type-page","status-publish","hentry"],"_links":{"self":[{"href":"http:\/\/access4music.com\/es\/wp-json\/wp\/v2\/pages\/2","targetHints":{"allow":["GET"]}}],"collection":[{"href":"http:\/\/access4music.com\/es\/wp-json\/wp\/v2\/pages"}],"about":[{"href":"http:\/\/access4music.com\/es\/wp-json\/wp\/v2\/types\/page"}],"author":[{"embeddable":true,"href":"http:\/\/access4music.com\/es\/wp-json\/wp\/v2\/users\/1"}],"replies":[{"embeddable":true,"href":"http:\/\/access4music.com\/es\/wp-json\/wp\/v2\/comments?post=2"}],"version-history":[{"count":2,"href":"http:\/\/access4music.com\/es\/wp-json\/wp\/v2\/pages\/2\/revisions"}],"predecessor-version":[{"id":14,"href":"http:\/\/access4music.com\/es\/wp-json\/wp\/v2\/pages\/2\/revisions\/14"}],"wp:attachment":[{"href":"http:\/\/access4music.com\/es\/wp-json\/wp\/v2\/media?parent=2"}],"curies":[{"name":"wp","href":"https:\/\/api.w.org\/{rel}","templated":true}]}}