{"id":2,"date":"2026-04-09T18:51:29","date_gmt":"2026-04-09T18:51:29","guid":{"rendered":"http:\/\/access4music.com\/?page_id=2"},"modified":"2026-04-09T22:03:09","modified_gmt":"2026-04-09T22:03:09","slug":"sample-page","status":"publish","type":"page","link":"https:\/\/access4music.com\/","title":{"rendered":"Home Page"},"content":{"rendered":"\n<p>Benvenuti su Access4Music.<br>Questo sito \u00cb sviluppato pensando alle persone non vedenti: infatti, qui si possono trovare piccoli script e utility per produrre musica mediante l&#8217;utilizzo di una DAW (Digital Audio Workstation) e altri prodotti professionali.<\/p>\n\n\n\n<h2 class=\"wp-block-heading\">Chi Siamo<\/h2>\n\n\n\n<p>Siamo due non vedenti italiani, studenti di informatica con la passione per la musica e crediamo fortemente che qualsiasi software debba essere utilizzato da chiunque voglia farlo, anche se questo potrebbe richiedere uno sforzo extra per accedere a controlli o interfacce che non prevedono comandi da tastiera. \u00bb per questo che abbiamo deciso di costruire alcuni strumenti che aiutino a raggiungere quest&#8217;obiettivo.<\/p>\n\n\n\n<h2 class=\"wp-block-heading\">La soluzione che abbiamo individuato<\/h2>\n\n\n\n<p>le persone non vedenti e ipovedenti utilizzano degli screen reader (lettori di schermo) per leggere le informazioni che il software fornisce, ma uno screen reader da solo, purtroppo, non \u00cb sufficiente soprattutto quando si tratta di VST, o software che fanno uso di controlli non-standard, ad esempio bitmap, per le loro interfacce. Perci\u00da abbiamo pensato ad una soluzione che funzioner\u2021 come un ponte tra il software inaccessibile e lo screen reader; abbiamo quindi sviluppato alcuni script che consentono di accedere a quei controlli che non vengono intercettati correttamente, grazie all&#8217;utilizzo di AutoHotkey, un linguaggio di scripting personalizzato per Microsoft Windows, inizialmente pensato per fornire scorciatoie da tastiera, o per la creazione veloce di macro e automazione di operazioni ripetitive in qualsiasi applicazione Windows. Grazie alla sua capacit\u2021 di automazione siamo riusciti a creare funzioni e macro che ci permettono di simulare movimenti del mouse e cliccare su quei controlli e pulsanti, altrimenti inaccessibili.<br>Un&#8217;altra peculiarit\u2021 di AutoHotkey \u00cb che i programmi creati grazie a questo linguaggio sono indipendenti dallo screen reader ; questo significa che \u00cb possibile utilizzare qualsivoglia screen reader, a patto che la daw utilizzata sia supportata.<br>per saperne di pi\u00f9, Visita la pagina degli <a href=\"http:\/\/access4music.com\/script\">script<\/a><\/p>\n","protected":false},"excerpt":{"rendered":"<p>Benvenuti su Access4Music.Questo sito \u00cb sviluppato pensando alle persone non vedenti: infatti, qui si possono trovare piccoli script e utility per produrre musica mediante l&#8217;utilizzo di una DAW (Digital Audio Workstation) e altri prodotti professionali. Chi Siamo Siamo due non vedenti italiani, studenti di informatica con la passione per la musica e crediamo fortemente che [&hellip;]<\/p>\n","protected":false},"author":1,"featured_media":0,"parent":0,"menu_order":0,"comment_status":"closed","ping_status":"open","template":"","meta":{"footnotes":""},"class_list":["post-2","page","type-page","status-publish","hentry"],"_links":{"self":[{"href":"https:\/\/access4music.com\/index.php\/wp-json\/wp\/v2\/pages\/2","targetHints":{"allow":["GET"]}}],"collection":[{"href":"https:\/\/access4music.com\/index.php\/wp-json\/wp\/v2\/pages"}],"about":[{"href":"https:\/\/access4music.com\/index.php\/wp-json\/wp\/v2\/types\/page"}],"author":[{"embeddable":true,"href":"https:\/\/access4music.com\/index.php\/wp-json\/wp\/v2\/users\/1"}],"replies":[{"embeddable":true,"href":"https:\/\/access4music.com\/index.php\/wp-json\/wp\/v2\/comments?post=2"}],"version-history":[{"count":2,"href":"https:\/\/access4music.com\/index.php\/wp-json\/wp\/v2\/pages\/2\/revisions"}],"predecessor-version":[{"id":14,"href":"https:\/\/access4music.com\/index.php\/wp-json\/wp\/v2\/pages\/2\/revisions\/14"}],"wp:attachment":[{"href":"https:\/\/access4music.com\/index.php\/wp-json\/wp\/v2\/media?parent=2"}],"curies":[{"name":"wp","href":"https:\/\/api.w.org\/{rel}","templated":true}]}}